{"id":88,"date":"2024-10-18T12:21:04","date_gmt":"2024-10-18T10:21:04","guid":{"rendered":"https:\/\/chat-cougar.fr\/espace-membre\/members\/"},"modified":"2024-10-21T16:07:48","modified_gmt":"2024-10-21T14:07:48","slug":"members","status":"publish","type":"page","link":"https:\/\/chat-cougar.fr\/espace-membre\/members\/","title":{"rendered":"Membres"},"content":{"rendered":"\t\t<div data-elementor-type=\"wp-page\" data-elementor-id=\"88\" class=\"elementor elementor-88\" data-elementor-post-type=\"page\">\n\t\t\t\t<div class=\"pp-bg-effects pp-bg-effects-4074f558 elementor-element elementor-element-4074f558 e-con-full pp-bg-effects-yes e-flex e-con e-parent\" data-section-id=\"4074f558\" data-effect-enable=\"yes\" data-animation-type=\"nasa\" data-canvas-opacity=\"1\" data-hide-max-width=\"none\" data-hide-min-width=\"none\" data-part-color=\"#64B744\" data-line-color=\"#F70000\" data-line-h-color=\"\" data-part-opacity=\"\" data-rand-opacity=\"1\" data-quantity=\"\" data-part-size=\"20\" data-part-speed=\"\" data-part-direction=\"none\" data-hover-effect=\"noeffect\" data-hover-size=\"\" data-id=\"4074f558\" data-element_type=\"container\" data-e-type=\"container\" data-settings=\"{&quot;background_background&quot;:&quot;classic&quot;,&quot;pp_background_effects_enable&quot;:&quot;yes&quot;,&quot;part_rand_opacity&quot;:&quot;true&quot;,&quot;effect_hide_tablet&quot;:&quot;label_off&quot;,&quot;effect_hide_mobile&quot;:&quot;label_off&quot;}\">\n\t\t\t\t<div class=\"elementor-element elementor-element-6bf191c8 elementor-widget elementor-widget-image\" data-id=\"6bf191c8\" data-element_type=\"widget\" data-e-type=\"widget\" data-widget_type=\"image.default\">\n\t\t\t\t<div class=\"elementor-widget-container\">\n\t\t\t\t\t\t\t\t\t\t\t\t\t\t\t<img fetchpriority=\"high\" decoding=\"async\" width=\"1030\" height=\"135\" src=\"https:\/\/chat-cougar.fr\/espace-membre\/wp-content\/uploads\/2024\/10\/headerhaut2-1-1030x135.png\" class=\"attachment-large size-large wp-image-348\" alt=\"Headerhaut2 1 1030x135\" srcset=\"https:\/\/chat-cougar.fr\/espace-membre\/wp-content\/uploads\/2024\/10\/headerhaut2-1-1030x135.png 1030w, https:\/\/chat-cougar.fr\/espace-membre\/wp-content\/uploads\/2024\/10\/headerhaut2-1-300x39.png 300w, https:\/\/chat-cougar.fr\/espace-membre\/wp-content\/uploads\/2024\/10\/headerhaut2-1-768x101.png 768w, https:\/\/chat-cougar.fr\/espace-membre\/wp-content\/uploads\/2024\/10\/headerhaut2-1-1536x202.png 1536w, https:\/\/chat-cougar.fr\/espace-membre\/wp-content\/uploads\/2024\/10\/headerhaut2-1-1500x197.png 1500w, https:\/\/chat-cougar.fr\/espace-membre\/wp-content\/uploads\/2024\/10\/headerhaut2-1-705x93.png 705w, https:\/\/chat-cougar.fr\/espace-membre\/wp-content\/uploads\/2024\/10\/headerhaut2-1.png 1920w\" sizes=\"(max-width: 1030px) 100vw, 1030px\" title=\"Membres\">\t\t\t\t\t\t\t\t\t\t\t\t\t\t\t<\/div>\n\t\t\t\t<\/div>\n\t\t\t\t<\/div>\n\t\t<div class=\"elementor-element elementor-element-3c9388bd e-flex e-con-boxed e-con e-parent\" data-id=\"3c9388bd\" data-element_type=\"container\" data-e-type=\"container\">\n\t\t\t\t\t<div class=\"e-con-inner\">\n\t\t\t\t<div class=\"elementor-element elementor-element-b17a15a elementor-widget elementor-widget-heading\" data-id=\"b17a15a\" data-element_type=\"widget\" data-e-type=\"widget\" data-widget_type=\"heading.default\">\n\t\t\t\t<div class=\"elementor-widget-container\">\n\t\t\t\t\t<h2 class=\"elementor-heading-title elementor-size-default\">Tous Nos Membres<\/h2>\t\t\t\t<\/div>\n\t\t\t\t<\/div>\n\t\t\t\t<div class=\"elementor-element elementor-element-83ff6ad elementor-widget elementor-widget-shortcode\" data-id=\"83ff6ad\" data-element_type=\"widget\" data-e-type=\"widget\" data-widget_type=\"shortcode.default\">\n\t\t\t\t<div class=\"elementor-widget-container\">\n\t\t\t\t\t\t\t<div class=\"elementor-shortcode\"><script type=\"text\/template\" id=\"tmpl-um-member-grid-2kNOj\">\n\t<div class=\"um-members um-members-grid\">\n\t\t<div class=\"um-gutter-sizer\"><\/div>\n\n\t\t<# if ( data.length > 0 ) { #>\n\t\t\t<# _.each( data, function( user, key, list ) { #>\n\n\t\t\t\t<div id=\"um-member-{{{user.card_anchor}}}-2kNOj\" class=\"um-member um-role-{{{user.role}}} {{{user.account_status}}} with-cover\">\n\n\t\t\t\t\t<span class=\"um-member-status {{{user.account_status}}}\">\n\t\t\t\t\t\t{{{user.account_status_name}}}\n\t\t\t\t\t<\/span>\n\n\t\t\t\t\t\t\t\t\t\t\t<div class=\"um-member-cover\" data-ratio=\"2.7:1\">\n\t\t\t\t\t\t\t<div class=\"um-member-cover-e\">\n\t\t\t\t\t\t\t\t<a href=\"{{{user.profile_url}}}\" title=\"<# if ( user.display_name ) { #>{{{user.display_name}}}<# } #>\">\n\t\t\t\t\t\t\t\t\t{{{user.cover_photo}}}\n\t\t\t\t\t\t\t\t<\/a>\n\t\t\t\t\t\t\t<\/div>\n\t\t\t\t\t\t<\/div>\n\t\t\t\t\t\t\t\t\t\t\t<div class=\"um-member-photo radius-1\">\n\t\t\t\t\t\t\t<a href=\"{{{user.profile_url}}}\" title=\"<# if ( user.display_name ) { #>{{{user.display_name}}}<# } #>\">\n\t\t\t\t\t\t\t\t{{{user.avatar}}}\n\t\t\t\t\t\t\t\t\t\t\t<# if ( user.is_online ) { #>\n\t\t\t\t<span class=\"um-online-status online um-tip-n\" title=\"Online\">\n\t\t\t\t\t<i class=\"um-faicon-circle\"><\/i>\n\t\t\t\t<\/span>\n\t\t\t<# } #>\n\t\t\t\t\t\t\t\t\t\t<\/a>\n\t\t\t\t\t\t<\/div>\n\t\t\t\t\t\n\n\t\t\t\t\t<div class=\"um-member-card \">\n\t\t\t\t\t\t\t\t\t\t\t\t\t<# if ( user.display_name_html ) { #>\n\t\t\t\t\t\t\t\t<div class=\"um-member-name\">\n\t\t\t\t\t\t\t\t\t<a href=\"{{{user.profile_url}}}\" title=\"{{{user.display_name}}}\">\n\t\t\t\t\t\t\t\t\t\t{{{user.display_name_html}}}\n\t\t\t\t\t\t\t\t\t<\/a>\n\t\t\t\t\t\t\t\t<\/div>\n\t\t\t\t\t\t\t<# } #>\n\t\t\t\t\t\t\t\t\t<div class=\"um-members-friend-stats\">\n\t\t\t\t<div>{{{user.count_friends}}} friends<\/div>\n\t\t\t<\/div>\n\t\t\t\t\t\t\t\t\t{{{user.hook_just_after_name}}}\n\n\n\t\t\t\t\t\t<# if ( user.can_edit ) { #>\n\t\t\t\t\t\t\t<div class=\"um-members-edit-btn\">\n\t\t\t\t\t\t\t\t<a href=\"{{{user.edit_profile_url}}}\" class=\"um-edit-profile-btn um-button um-alt\">\n\t\t\t\t\t\t\t\t\tModifier le profil\t\t\t\t\t\t\t\t<\/a>\n\t\t\t\t\t\t\t<\/div>\n\t\t\t\t\t\t<# } #>\n\n\n\t\t\t\t\t\t\t\t\t\t\t\t{{{user.hook_after_user_name}}}\n\n\n\t\t\t\t\t\t\n\t\t\t\t\t\t\t\t<# if ( typeof user['nickname'] !== 'undefined' ) { #>\n\t\t\t\t\t\t\t\t\t<div class=\"um-member-tagline um-member-tagline-nickname\"\n\t\t\t\t\t\t\t\t\t     data-key=\"nickname\">\n\t\t\t\t\t\t\t\t\t\t{{{user['nickname']}}}\n\t\t\t\t\t\t\t\t\t<\/div>\n\t\t\t\t\t\t\t\t<# } #>\n\n\t\t\t\t\t\t\t\n\t\t\t\t\t\t\t\t<# if ( typeof user['username'] !== 'undefined' ) { #>\n\t\t\t\t\t\t\t\t\t<div class=\"um-member-tagline um-member-tagline-username\"\n\t\t\t\t\t\t\t\t\t     data-key=\"username\">\n\t\t\t\t\t\t\t\t\t\t{{{user['username']}}}\n\t\t\t\t\t\t\t\t\t<\/div>\n\t\t\t\t\t\t\t\t<# } #>\n\n\t\t\t\t\t\t\t\n\t\t\t\t\t\t\t<# var $show_block = false; #>\n\n\t\t\t\t\t\t\t\t\t\t\t\t\t\t\t<# if ( typeof user['description'] !== 'undefined' ) {\n\t\t\t\t\t\t\t\t\t$show_block = true;\n\t\t\t\t\t\t\t\t} #>\n\t\t\t\t\t\t\t\n\t\t\t\t\t\t\t<# if ( $show_block ) { #>\n\t\t\t\t\t\t\t\t<div class=\"um-member-meta-main\">\n\n\t\t\t\t\t\t\t\t\t\t\t\t\t\t\t\t\t\t\t<div class=\"um-member-more\">\n\t\t\t\t\t\t\t\t\t\t\t<a href=\"javascript:void(0);\"><i class=\"um-faicon-angle-down\"><\/i><\/a>\n\t\t\t\t\t\t\t\t\t\t<\/div>\n\t\t\t\t\t\t\t\t\t\n\t\t\t\t\t\t\t\t\t<div class=\"um-member-meta \">\n\n\t\t\t\t\t\t\t\t\t\t\n\t\t\t\t\t\t\t\t\t\t\t<# if ( typeof user['description'] !== 'undefined' ) { #>\n\t\t\t\t\t\t\t\t\t\t\t\t<div class=\"um-member-metaline um-member-metaline-description\">\n\t\t\t\t\t\t\t\t\t\t\t\t\t<strong>{{{user['label_description']}}}:<\/strong> {{{user['description']}}}\n\t\t\t\t\t\t\t\t\t\t\t\t<\/div>\n\t\t\t\t\t\t\t\t\t\t\t<# } #>\n\n\t\t\t\t\t\t\t\t\t\t\t\t\t\t\t\t\t\t\t<\/div>\n\n\t\t\t\t\t\t\t\t\t\t\t\t\t\t\t\t\t\t\t<div class=\"um-member-less\">\n\t\t\t\t\t\t\t\t\t\t\t<a href=\"javascript:void(0);\"><i class=\"um-faicon-angle-up\"><\/i><\/a>\n\t\t\t\t\t\t\t\t\t\t<\/div>\n\t\t\t\t\t\t\t\t\t\t\t\t\t\t\t\t\t<\/div>\n\t\t\t\t\t\t\t<# } #>\n\t\t\t\t\t\t\n\t\t\t\t\t<\/div>\n\t\t\t\t<\/div>\n\n\t\t\t<# }); #>\n\t\t<# } else { #>\n\n\t\t\t<div class=\"um-members-none\">\n\t\t\t\t<p>Nous sommes d\u00e9sol\u00e9s. Nous ne pouvons pas trouver de compte qui r\u00e9pond \u00e0 vos crit\u00e8res de recherche.<\/p>\n\t\t\t<\/div>\n\n\t\t<# } #>\n\n\t\t<div class=\"um-clear\"><\/div>\n\t<\/div>\n<\/script>\n\n\n<script type=\"text\/template\" id=\"tmpl-um-members-header\">\n\t<div class=\"um-members-intro\">\n\t\t<div class=\"um-members-total\">\n\t\t\t<# if ( data.pagination.total_users == 1 ) { #>\n\t\t\t\t{{{data.pagination.header_single}}}\n\t\t\t<# } else if ( data.pagination.total_users > 1 ) { #>\n\t\t\t\t{{{data.pagination.header}}}\n\t\t\t<# } #>\n\t\t<\/div>\n\t<\/div>\n\n\t<div class=\"um-clear\"><\/div>\n<\/script>\n\n\n<script type=\"text\/template\" id=\"tmpl-um-members-pagination\">\n\t<# if ( data.pagination.pages_to_show.length > 0 ) { #>\n\t\t<div class=\"um-members-pagidrop uimob340-show uimob500-show\">\n\t\t\tAller \u00e0 la page\u00a0:\t\t\t<select class=\"um-s2 um-members-pagi-dropdown\" style=\"width: 100px;display:inline-block;\">\n\t\t\t\t<# _.each( data.pagination.pages_to_show, function( page, key, list ) { #>\n\t\t\t\t\t<option value=\"{{{page}}}\" <# if ( page == data.pagination.current_page ) { #>selected<# } #>>{{{page}}} sur {{{data.pagination.total_pages}}}<\/option>\n\t\t\t\t<# }); #>\n\t\t\t<\/select>\n\t\t<\/div>\n\n\t\t<div class=\"um-members-pagi uimob340-hide uimob500-hide\">\n\t\t\t<span class=\"pagi pagi-arrow <# if ( data.pagination.current_page == 1 ) { #>disabled<# } #>\" data-page=\"first\" aria-label=\"Premi\u00e8re page\"><i class=\"um-faicon-angle-double-left\"><\/i><\/span>\n\t\t\t<span class=\"pagi pagi-arrow <# if ( data.pagination.current_page == 1 ) { #>disabled<# } #>\" data-page=\"prev\" aria-label=\"Page pr\u00e9c\u00e9dente\"><i class=\"um-faicon-angle-left\"><\/i><\/span>\n\n\t\t\t<# _.each( data.pagination.pages_to_show, function( page, key, list ) { #>\n\t\t\t\t<span class=\"pagi <# if ( page == data.pagination.current_page ) { #>current<# } #>\" data-page=\"{{{page}}}\">{{{page}}}<\/span>\n\t\t\t<# }); #>\n\n\t\t\t<span class=\"pagi pagi-arrow <# if ( data.pagination.current_page == data.pagination.total_pages ) { #>disabled<# } #>\" data-page=\"next\" aria-label=\"Page suivante\"><i class=\"um-faicon-angle-right\"><\/i><\/span>\n\t\t\t<span class=\"pagi pagi-arrow <# if ( data.pagination.current_page == data.pagination.total_pages ) { #>disabled<# } #>\" data-page=\"last\" aria-label=\"Derni\u00e8re page\"><i class=\"um-faicon-angle-double-right\"><\/i><\/span>\n\t\t<\/div>\n\t<# } #>\n<\/script>\n\n<div class=\"um um-directory um-2kNOj\"\n\t data-hash=\"2kNOj\" data-base-post=\"88\"\n\t data-must-search=\"0\" data-searched=\"1\"\n\t data-view_type=\"grid\" data-page=\"1\"\n\t data-sorting=\"\">\n\t<div class=\"um-members-overlay\"><div class=\"um-ajax-loading\"><\/div><\/div>\n\n\t<div class=\"um-member-directory-header um-form\">\n\n\t\t\n\t\t\n\n\t\t\t<\/div>\n\n\t<div class=\"um-members-wrapper\"><\/div>\n\n\t<div class=\"um-members-pagination-box\"><\/div>\n\n\t\n<\/div>\n<\/div>\n\t\t\t\t\t\t<\/div>\n\t\t\t\t<\/div>\n\t\t\t\t\t<\/div>\n\t\t\t\t<\/div>\n\t\t<div class=\"elementor-element elementor-element-307b0fd1 e-flex e-con-boxed e-con e-parent\" data-id=\"307b0fd1\" data-element_type=\"container\" data-e-type=\"container\" data-settings=\"{&quot;background_background&quot;:&quot;classic&quot;}\">\n\t\t\t\t\t<div class=\"e-con-inner\">\n\t\t\t\t<div class=\"elementor-element elementor-element-175df05 elementor-widget elementor-widget-heading\" data-id=\"175df05\" data-element_type=\"widget\" data-e-type=\"widget\" data-widget_type=\"heading.default\">\n\t\t\t\t<div class=\"elementor-widget-container\">\n\t\t\t\t\t<h2 class=\"elementor-heading-title elementor-size-default\">Espace Membre Rencontre<\/h2>\t\t\t\t<\/div>\n\t\t\t\t<\/div>\n\t\t\t\t<div class=\"elementor-element elementor-element-7cc38e99 elementor-widget elementor-widget-text-editor\" data-id=\"7cc38e99\" data-element_type=\"widget\" data-e-type=\"widget\" data-widget_type=\"text-editor.default\">\n\t\t\t\t<div class=\"elementor-widget-container\">\n\t\t\t\t\t\t\t\t\t<h3>\u2b50 Discutez avec des femmes matures sur Chat-CougAr<\/h3>\nComment puis-je cr\u00e9er un profil sur Chat-CougAr\n\nVous \u00eates jeune et votre fantasme c\u2019est la femme cougar ?\n\nOu alors \u00eates-vous une femme cougar en qu\u00eate d\u2019un toy boy pour des moments torrides ? Vous \u00eates au bon endroit ! Sur Chat-CougAr, faites des rencontres sensuelles coquines et intenses avec l\u2019objet de votre d\u00e9sir. En quelques clics, cr\u00e9ez votre profil et laissez-vous emporter dans ce monde de plaisir cougar.\n\n<iframe style=\"border: none; height: 450px; width: 100%;\" src=\"https:\/\/info-rencontre.com\/p\/pgrid?ai=31460&amp;ni=2&amp;nbProfiles=3&amp;thumbSize=300&amp;backColor=%23141b4c&amp;btnText=La Contacter&amp;btnBackColor=%2364b744&amp;btnHoverColor=%23141b4c&amp;profileBackColor=%23ffffff&amp;profileBorderSize=0&amp;profileBorderColor=%23999999&amp;showProfileShadow=1&amp;thumbBorderSize=5&amp;thumbBorderColor=%2364b744&amp;thumbHoverBorderColor=%23141b4c&amp;margin=15&amp;hideAge=0&amp;hideCity=0&amp;textAlign=center&amp;hideFirstname=0&amp;hidebtn=0&amp;target=sales&amp;noScroll=0&amp;thumbBorderRounded=1&amp;thumbBadge=1&amp;anim=3&amp;loop=1&amp;loopDelay=5\"><\/iframe>\n<h3>\u2b50 Comment s\u2019y prendre ?<\/h3>\nGratuit et rapide, Chat-CougAr pr\u00e9sente une interface facile d\u2019utilisation.\n\nPour vous inscrire, il suffit de cr\u00e9er votre profil avec quelques informations utiles comme : sexe, \u00e2ge, pseudo, ville, ou le type de rencontre que vous recherchez. Une fois ces informations valid\u00e9es, vous aurez le choix d\u2019ajouter des photos.\n\nLa premi\u00e8re impression \u00e9tant importante, mettez toutes les chances de votre c\u00f4t\u00e9, prenez le temps de remplir correctement et de soigner votre profil. Pour un profil attrayant, choisissez un pseudo qui soit original et qui aiguise la curiosit\u00e9.\n\nEnsuite pour le choix de votre photo de profil, mettez une photo r\u00e9cente et attirante qui poussera les autres \u00e0 vouloir vous conna\u00eetre davantage. Rajoutez \u00e9galement 2 ou 3 photos en plus. Cela permettra d\u2019inspirer la confiance aupr\u00e8s de vos visiteurs.\n\nEt enfin, un petit texte de pr\u00e9sentation peut \u00e9galement augmenter vos chances de succ\u00e8s dans votre qu\u00eate de cougar, alors, misez sur une description courte, positive, vivante et qui vous corresponde !\n\nUne fois l\u2019inscription faite, vous avez alors la possibilit\u00e9 de consulter tous les profils de femmes m\u00fbres et sexy qui n\u2019attendent que vous !\n<h3>\u2b50 Comment d\u00e9marrer une conversation avec une cougar.<\/h3>\nEnvie de devenir la prochaine proie d\u2019une cougar ? Il va falloir r\u00e9ussir l\u2019\u00e9preuve de la s\u00e9duction. D\u00e9couvrez la m\u00e9thode d\u2019approche pour chatter et s\u00e9duire une cougar en ligne.\n\nS\u00e9duire une femme cougar, c\u2019est d\u2019abord comprendre comment elle fonctionne et ce qu\u2019elle veut.\n\nLes femmes cougars sont bien souvent plus attirantes car plus directes \u00e0 la fois dans leur approche et dans leur vie sexuelle.\n\nAlors, vous n\u2019avez pas besoin de jouer au chat et la souris pendant des semaines avec elles. Avant de commencer un chat avec une femme cougar qui vous int\u00e9resse, vous devez d\u2019abord analyser son profil pour conna\u00eetre ses gouts et ses tendances.\n\nCertaines sont plus lib\u00e9r\u00e9es et pr\u00e9f\u00e8rent directement entrer dans le vif du sujet, d\u2019autres par contre voudront des \u00e9changes textuels d\u2019id\u00e9es (politique, religion\u2026).\n\nSelon le profil, adoptez une attitude correspondante. Pour les intellos, pour un premier message, aiguisez sa curiosit\u00e9, faites preuve d\u2019originalit\u00e9.\n\nRelancez-la \u00e0 propos de ses passions ou de ses envies, d\u2019une citation d\u00e9crite dans sa pr\u00e9sentation et montrez que vous vous int\u00e9ressez \u00e0 sa personne.\n\nEt pour les plus chaudes, soyez direct sur vos envies avec elles et proposez rapidement de passer au r\u00e9el. Dans tous les cas, les cougars n\u2019aiment pas perdre leur temps, \u00e9vitez les longs \u00e9changes \u00e9crits, et faites des propositions concr\u00e8tes, cela permettra de faire monter la temp\u00e9rature et de pouvoir conclure rapidement.\n\nLes cougars peuvent \u00eatre impressionnantes, dans vos \u00e9changes, soyez avant tout, confiant, s\u00fbr de vous, d\u00e9termin\u00e9 tout en prouvant ce que vous avez \u00e0 offrir, soyez frais et usez d\u2019humour, n\u2019oubliez pas, votre jeunesse est votre meilleur atout.\n<h3>\u2b50 Qu&#8217;est-ce qu&#8217;une femme mature cherche sur Chat-CougAr \ud83d\udd25<\/h3>\nEncore appel\u00e9es cougars, les femmes matures d\u00e9signent les femmes m\u00fbres friandes de jeunes hommes. Sur Chat-CougAr, elles sont belles, attirantes, coquines et font le fantasme de beaucoup d\u2019hommes.\n<h3>\u2b50 Que recherchent-elles ? Quelles sont leurs aspirations ?<\/h3>\n<h5>On vous dit tout.<\/h5>\nG\u00e9n\u00e9ralement les femmes matures sont des femmes de 40 ans ou plus, c\u00e9libataires, divorc\u00e9es ou mari\u00e9es, qui souhaitent profiter de la vie, prendre du plaisir et briser leur routine. Leur particularit\u00e9 est que ce sont des femmes m\u00fbres qui aiment vivre intens\u00e9ment avec une personnalit\u00e9 forte, sexy, s\u00fbres d&#8217;elles, lib\u00e9r\u00e9es, ind\u00e9pendantes et attirantes.\n\nCe qu\u2019elles recherchent avant tout c\u2019est la compagnie des hommes plus jeunes pour pimenter leur vie sexuelle et passez du bon temps. Certaines d\u2019entre elles sont lass\u00e9es par le manque d\u2019imagination des hommes de leur \u00e2ge et ont envie de savourer avec d\u00e9lice la folie de la jeunesse qui ose tout. De nombreuses femmes matures confessent qu&#8217;elles recherchent des hommes plus jeunes parce qu&#8217;ils sont plus ouverts d&#8217;esprit, aventuriers et romantiques. Quelles que soient ses raisons, la femme mature, n\u2019a qu\u2019une chose en t\u00eate : du plaisir, et encore du plaisir.\n\nSi la femme cougar est votre fantasme, sur Chat-CougAr, elles feront absolument votre bonheur. En qu\u00eate de leur toy boys, elles sont sans tabou, sexy et assument totalement leurs envies.\n\nSi vous \u00eates en qu\u00eate de nouvelles sensations ou d\u2019une partenaire de jeux sexuels, elles sont pr\u00eates \u00e0 c\u00e9der \u00e0 vos avances pour des rencontres torrides et vous faire d\u00e9couvrir des plaisirs jusque-l\u00e0 insoup\u00e7onn\u00e9s.\n\n<iframe border=\"0\" src=\"https:\/\/info-rencontre.com\/p\/pgrid?ai=31460&#038;ni=3&#038;sg=1&#038;nbProfiles=3&#038;thumbSize=300&#038;backColor=%23141b4c&#038;btnText=La Contacter&#038;btnBackColor=%2364b744&#038;btnHoverColor=%23141b4c&#038;profileBackColor=%23ffffff&#038;profileBorderSize=0&#038;profileBorderColor=%23999999&#038;showProfileShadow=1&#038;thumbBorderSize=5&#038;thumbBorderColor=%2364b744&#038;thumbHoverBorderColor=%23141b4c&#038;margin=15&#038;hideAge=0&#038;hideCity=0&#038;textAlign=center&#038;hideFirstname=0&#038;hidebtn=0&#038;target=sales&#038;noScroll=0&#038;thumbBorderRounded=1&#038;thumbBadge=1&#038;anim=3&#038;loop=1&#038;loopDelay=5\" style=\"border: none; height: 450px; width: 100%;\"><\/iframe>\n\n<h3>\u2b50 Conseils pour faire plaisir \u00e0 une cougar \u2764\ufe0f<\/h3>\n<h5>Vous avez enfin une chance de rencontrer une femme cougar ?<\/h5>\nComment s\u2019y prendre pour \u00eatre \u00e0 la hauteur ? Quelques conseils pour rendre intense ce moment.\n\nUne femme cougar est une pr\u00e9datrice \u00e0 la recherche de sa proie. Elle sait ce qu\u2019elle veut et appr\u00e9cie donc de rester au contr\u00f4le de la relation.\n\nElle n\u2019a qu\u2019une seule envie : r\u00e9aliser ses fantasmes avec un jeune homme sexy, viril et charmant. Pour profiter d\u2019une interaction excitante avec une femme cougar, il va falloir jouer le jeu et accepter d\u2019\u00eatre son jouet.\n\nCela ne veut pas dire que vous devez rester passif. C\u2019est avant tout votre dynamisme, endurance et fra\u00eecheur qui attire une cougar. Alors, soyez confiant et mature dans vos actes et propos.\n\nAffirmez votre image de m\u00e2le s\u00e9ducteur, soyez classe et gentleman avec elle. Pour marquer des points, amenez-la dans un restaurant chic et payez la note. Elles adorent aussi aller dans un club lounge ou de danse.\n\nLa femme cougar aime s\u00e9duire et se prouver qu\u2019elle peut encore attirer, elle veut se sentir valoris\u00e9e et belle. Alors ne soyez pas avare sur les compliments, faites-la rire et d\u00e9tendez l\u2019atmosph\u00e8re en la taquinant avec des paroles coquines, cajolez-la, faites-lui du pied\u2026 bref sortez votre jeu de s\u00e9duction.\n\nConstruisez une tension sexuelle entre vous jusqu\u2019\u00e0 ce que votre partenaire n\u2019en puisse plus. Ensuite vous pourrez prendre les devants et passez \u00e0 l\u2019\u00e9tape suivante. L\u00e0 n\u2019oubliez surtout pas de soigner les pr\u00e9liminaires et de vous laisser ensuite initier \u00e0 ses fantasmes et envies !\n<h3>\u2b50 Chat gratuit en ligne<\/h3>\nC&#8217;est l&#8217;une des communaut\u00e9s virtuelles les plus anciennes en France.\n\nLanc\u00e9 en 2001, ce site de chat gratuit permet \u00e0 des milliers de personnes de discuter en ligne, pour des \u00e9changes qui vont du bon moment convivial \u00e0 la rencontre amoureuse en passant par des rencontres amicales, de l&#8217;entraide, des quizz et autres jeux en ligne.\nDe nombreux salons de discussion pour tous les go\u00fbts\nA tout moment sur Tchat-Delire.com vous pouvez chatter avec plus d&#8217;un millier d&#8217;hommes et de femmes de toute la France et des pays francophones.\nLe chat en ligne se passe sur des salons de discussion par tranche d&#8217;\u00e2ge (dizaine, vingtaine, trentaine, quarantaine, cinquantaine), par th\u00e9matique (rencontres, sexe, informatique, linux, free, freebox, musique, jeux vid\u00e9os, quizz, motus, scrabble, 1000 bornes, vapotage, android, webcam&#8230;), par r\u00e9gion (Paris, Lyon, Marseille, Lille, Nice, Toulouse, Bordeaux, Strasbourg, Nord, est, ouest sud, centre, Poitou Charentes&#8230;), par pays (Belgique, Suisse, Alg\u00e9rie, Maroc, Tunisie).\n\nLes salons vous permettent de discuter imm\u00e9diatement, gratuitement et sans inscription pr\u00e9alable avec de nombreux inconnus.\nSi vous souhaitez aller plus loin, vous pouvez entamer une discussion priv\u00e9e.\n\nLa seule contrainte est de respecter chacun et l&#8217;espace de dialogue.\t\t\t\t\t\t\t\t<\/div>\n\t\t\t\t<\/div>\n\t\t\t\t\t<\/div>\n\t\t\t\t<\/div>\n\t\t<div class=\"elementor-element elementor-element-68be5f00 e-flex e-con-boxed e-con e-parent\" data-id=\"68be5f00\" data-element_type=\"container\" data-e-type=\"container\">\n\t\t\t\t\t<div class=\"e-con-inner\">\n\t\t\t\t<div class=\"elementor-element elementor-element-754e166e elementor-widget elementor-widget-google_maps\" data-id=\"754e166e\" data-element_type=\"widget\" data-e-type=\"widget\" data-widget_type=\"google_maps.default\">\n\t\t\t\t<div class=\"elementor-widget-container\">\n\t\t\t\t\t\t\t<div class=\"elementor-custom-embed\">\n\t\t\t<iframe loading=\"lazy\"\n\t\t\t\t\tsrc=\"https:\/\/maps.google.com\/maps?q=paris&#038;t=m&#038;z=10&#038;output=embed&#038;iwloc=near\"\n\t\t\t\t\ttitle=\"paris\"\n\t\t\t\t\taria-label=\"paris\"\n\t\t\t><\/iframe>\n\t\t<\/div>\n\t\t\t\t\t\t<\/div>\n\t\t\t\t<\/div>\n\t\t\t\t\t<\/div>\n\t\t\t\t<\/div>\n\t\t\t\t<\/div>\n\t\t","protected":false},"excerpt":{"rendered":"<p>Tous Nos Membres Espace Membre Rencontre \u2b50 Discutez avec des femmes matures sur Chat-CougAr Comment puis-je cr\u00e9er un profil sur Chat-CougAr Vous \u00eates jeune et votre fantasme c\u2019est la femme cougar ? Ou alors \u00eates-vous une femme cougar en qu\u00eate d\u2019un toy boy pour des moments torrides ? Vous \u00eates au bon endroit ! Sur [&hellip;]<\/p>\n","protected":false},"author":1,"featured_media":0,"parent":0,"menu_order":0,"comment_status":"closed","ping_status":"closed","template":"elementor_header_footer","meta":{"footnotes":""},"class_list":["post-88","page","type-page","status-publish","hentry"],"_links":{"self":[{"href":"https:\/\/chat-cougar.fr\/espace-membre\/wp-json\/wp\/v2\/pages\/88","targetHints":{"allow":["GET"]}}],"collection":[{"href":"https:\/\/chat-cougar.fr\/espace-membre\/wp-json\/wp\/v2\/pages"}],"about":[{"href":"https:\/\/chat-cougar.fr\/espace-membre\/wp-json\/wp\/v2\/types\/page"}],"author":[{"embeddable":true,"href":"https:\/\/chat-cougar.fr\/espace-membre\/wp-json\/wp\/v2\/users\/1"}],"replies":[{"embeddable":true,"href":"https:\/\/chat-cougar.fr\/espace-membre\/wp-json\/wp\/v2\/comments?post=88"}],"version-history":[{"count":7,"href":"https:\/\/chat-cougar.fr\/espace-membre\/wp-json\/wp\/v2\/pages\/88\/revisions"}],"predecessor-version":[{"id":461,"href":"https:\/\/chat-cougar.fr\/espace-membre\/wp-json\/wp\/v2\/pages\/88\/revisions\/461"}],"wp:attachment":[{"href":"https:\/\/chat-cougar.fr\/espace-membre\/wp-json\/wp\/v2\/media?parent=88"}],"curies":[{"name":"wp","href":"https:\/\/api.w.org\/{rel}","templated":true}]}}